{"id":1091,"date":"2022-08-17T17:52:39","date_gmt":"2022-08-17T17:52:39","guid":{"rendered":"https:\/\/yannickbreuer.de\/?page_id=1091"},"modified":"2022-08-17T17:52:39","modified_gmt":"2022-08-17T17:52:39","slug":"impressum","status":"publish","type":"page","link":"https:\/\/yannickbreuer.de\/?page_id=1091","title":{"rendered":"Impressum"},"content":{"rendered":"\n<p>Angaben gem\u00e4\u00df \u00a7 5 TMG<\/p>\n\n\n\n<p>Yannick Breuer<br>Hastedter Heerstra\u00dfe 142<br>28207 Bremen<\/p>\n\n\n\n<p><strong>Vertreten durch:<\/strong><br>Yannick Breuer<\/p>\n\n\n\n<p><strong>Kontakt:<\/strong><br>Telefon: 01590-1985649<br>E-Mail:\u00a0<a href=\"mailto:info@yannickbreuer.de\">info@yannickbreuer.de<\/a><\/p>\n\n\n\n<p><strong>Verantwortlich f\u00fcr den Inhalt nach \u00a7 55 Abs. 2 RStV:<\/strong><br>Yannick Breuer<br>Hastedter Heerstra\u00dfe 142<br>28207 Bremen<\/p>\n\n\n\n<p><strong>Haftungsausschluss:<\/strong><br><br><strong>Urheberrecht<\/strong><br><br>Die durch die Seitenbetreiber erstellten Inhalte und Werke auf diesen Seiten unterliegen dem deutschen Urheberrecht. Die Vervielf\u00e4ltigung, Bearbeitung, Verbreitung und jede Art der Verwertung au\u00dferhalb der Grenzen des Urheberrechtes bed\u00fcrfen der schriftlichen Zustimmung des jeweiligen Autors bzw. Erstellers. Downloads und Kopien dieser Seite sind nur f\u00fcr den privaten, nicht kommerziellen Gebrauch gestattet. Soweit die Inhalte auf dieser Seite nicht vom Betreiber erstellt wurden, werden die Urheberrechte Dritter beachtet. Insbesondere werden Inhalte Dritter als solche gekennzeichnet. Sollten Sie trotzdem auf eine Urheberrechtsverletzung aufmerksam werden, bitten wir um einen entsprechenden Hinweis. Bei Bekanntwerden von Rechtsverletzungen werden wir derartige Inhalte umgehend entfernen.<\/p>\n","protected":false},"excerpt":{"rendered":"<p>Angaben gem\u00e4\u00df \u00a7 5 TMG Yannick BreuerHastedter Heerstra\u00dfe 14228207 Bremen Vertreten durch:Yannick Breuer Kontakt:Telefon: 01590-1985649E-Mail:\u00a0info@yannickbreuer.de Verantwortlich f\u00fcr den Inhalt nach \u00a7 55 Abs. 2 RStV:Yannick BreuerHastedter Heerstra\u00dfe 14228207 Bremen Haftungsausschluss: Urheberrecht Die durch die Seitenbetreiber erstellten Inhalte und Werke auf diesen Seiten unterliegen dem deutschen Urheberrecht. Die Vervielf\u00e4ltigung, Bearbeitung, Verbreitung und jede Art der Verwertung [&hellip;]<\/p>\n","protected":false},"author":1,"featured_media":0,"parent":0,"menu_order":0,"comment_status":"closed","ping_status":"closed","template":"","meta":{"footnotes":""},"class_list":["post-1091","page","type-page","status-publish","hentry"],"_links":{"self":[{"href":"https:\/\/yannickbreuer.de\/index.php?rest_route=\/wp\/v2\/pages\/1091","targetHints":{"allow":["GET"]}}],"collection":[{"href":"https:\/\/yannickbreuer.de\/index.php?rest_route=\/wp\/v2\/pages"}],"about":[{"href":"https:\/\/yannickbreuer.de\/index.php?rest_route=\/wp\/v2\/types\/page"}],"author":[{"embeddable":true,"href":"https:\/\/yannickbreuer.de\/index.php?rest_route=\/wp\/v2\/users\/1"}],"replies":[{"embeddable":true,"href":"https:\/\/yannickbreuer.de\/index.php?rest_route=%2Fwp%2Fv2%2Fcomments&post=1091"}],"version-history":[{"count":1,"href":"https:\/\/yannickbreuer.de\/index.php?rest_route=\/wp\/v2\/pages\/1091\/revisions"}],"predecessor-version":[{"id":1092,"href":"https:\/\/yannickbreuer.de\/index.php?rest_route=\/wp\/v2\/pages\/1091\/revisions\/1092"}],"wp:attachment":[{"href":"https:\/\/yannickbreuer.de\/index.php?rest_route=%2Fwp%2Fv2%2Fmedia&parent=1091"}],"curies":[{"name":"wp","href":"https:\/\/api.w.org\/{rel}","templated":true}]}}